{"id":13,"date":"2025-10-14T09:55:53","date_gmt":"2025-10-14T09:55:53","guid":{"rendered":"http:\/\/cimesmeribel.fr\/index.php\/home\/"},"modified":"2025-11-20T09:41:14","modified_gmt":"2025-11-20T09:41:14","slug":"home","status":"publish","type":"page","link":"https:\/\/cimesmeribel.fr\/","title":{"rendered":"Home"},"content":{"rendered":"\t\t<div data-elementor-type=\"wp-page\" data-elementor-id=\"13\" class=\"elementor elementor-13\" data-elementor-post-type=\"page\">\n\t\t\t\t<div class=\"elementor-element elementor-element-2b64f9d7 e-con-full e-flex e-con e-parent\" data-id=\"2b64f9d7\" data-element_type=\"container\">\n\t\t\t\t<div class=\"elementor-element elementor-element-4330d7c9 elementor-widget elementor-widget-flex-hero\" data-id=\"4330d7c9\" data-element_type=\"widget\" data-settings=\"{&quot;layout_preset&quot;:&quot;storytelling&quot;,&quot;primary_button_shape&quot;:&quot;default&quot;,&quot;image_shape&quot;:&quot;sharp&quot;,&quot;box_shape&quot;:&quot;sharp&quot;}\" data-widget_type=\"flex-hero.default\">\n\t\t\t\t<div class=\"elementor-widget-container\">\n\t\t\t\t\t\t\t<div class=\"has-shape-sharp shape-type-box ehp-flex-hero has-layout-preset-storytelling\">\n\t\t\t\t\t\t<div class=\"ehp-flex-hero__overlay\"><\/div>\n\t\t\t<div class=\"ehp-flex-hero__content-container\">\n\t\t\t\t<h2 class=\"ehp-flex-hero__heading\">Des appartements skis aux pieds \u00e0 M\u00e9ribel <\/h2>\t\t\t<div class=\"ehp-flex-hero__ctas-container\">\n\t\t\t\t\t\t\t\t\t\t\t<\/div>\n\t\t\t\t\t<\/div>\n\t\t\t\t<div class=\"ehp-flex-hero__image-wrapper\">\n\t\t\t\t\t<div class=\"ehp-image ehp-flex-hero__image-container\">\n\t\t\t\t<img decoding=\"async\" class=\"ehp-image__img ehp-flex-hero__img has-shape-sharp shape-type-image\" src=\"https:\/\/cimesmeribel.fr\/wp-content\/uploads\/2025\/11\/IMG_7028-scaled.jpg\" title=\"IMG_7028\" alt=\"IMG_7028\" loading=\"lazy\" \/>\t\t\t<\/div>\n\t\t\t\t\t<\/div>\n\t\t\t\t<\/div>\n\t\t\t\t\t\t<\/div>\n\t\t\t\t<\/div>\n\t\t\t\t<div class=\"elementor-element elementor-element-280b7bb0 elementor-absolute elementor-view-default elementor-widget elementor-widget-icon\" data-id=\"280b7bb0\" data-element_type=\"widget\" data-settings=\"{&quot;_position&quot;:&quot;absolute&quot;}\" data-widget_type=\"icon.default\">\n\t\t\t\t\t\t\t<div class=\"elementor-icon-wrapper\">\n\t\t\t<div class=\"elementor-icon\">\n\t\t\t<svg xmlns=\"http:\/\/www.w3.org\/2000\/svg\" width=\"806\" height=\"450\" viewBox=\"0 0 806 450\" fill=\"none\"><path id=\"Rectangle 11\" d=\"M0 0L805.5 450H0V0Z\" fill=\"currentColor\"><\/path><\/svg>\t\t\t<\/div>\n\t\t<\/div>\n\t\t\t\t\t\t<\/div>\n\t\t\t\t<\/div>\n\t\t<div class=\"elementor-element elementor-element-0b6267a e-grid e-con-full e-con e-parent\" data-id=\"0b6267a\" data-element_type=\"container\">\n\t\t\t\t<div class=\"elementor-element elementor-element-2e538a1 elementor-widget elementor-widget-image\" data-id=\"2e538a1\" data-element_type=\"widget\" data-widget_type=\"image.default\">\n\t\t\t\t\t\t\t\t\t\t\t\t\t\t\t<img decoding=\"async\" src=\"https:\/\/cimesmeribel.fr\/wp-content\/uploads\/2025\/11\/IMG_8809-scaled.jpg\" title=\"IMG_8809\" alt=\"IMG_8809\" loading=\"lazy\" \/>\t\t\t\t\t\t\t\t\t\t\t\t\t\t\t<\/div>\n\t\t\t\t<div class=\"elementor-element elementor-element-75c6e12 elementor-widget elementor-widget-text-editor\" data-id=\"75c6e12\" data-element_type=\"widget\" data-widget_type=\"text-editor.default\">\n\t\t\t\t\t\t\t\t\t<p>A M\u00e9ribel Mottaret, au coeur des 3 Vall\u00e9es, nos appartements skis aux pieds offrent un acc\u00e8s privil\u00e9gi\u00e9 \u00e0 l&rsquo;un des plus beau domaine skiable. Nich\u00e9s entre for\u00eats de sapins et sommets enneig\u00e9s, ils permettent de vivre pleinement la montagne \u2014 du premier virage au dernier rayon de soleil.<\/p><p>Apr\u00e8s une journ\u00e9e sur les pistes, retrouvez la chaleur d\u2019un cocon alpin, o\u00f9 confort et authenticit\u00e9 se rencontrent. Ici, tout est \u00e0 port\u00e9e de main : les remont\u00e9es m\u00e9caniques, les sentiers, les commerces et la vie du village \u2014 pour un s\u00e9jour aussi pratique qu\u2019inoubliable.<\/p>\t\t\t\t\t\t\t\t<\/div>\n\t\t\t\t<\/div>\n\t\t<div class=\"elementor-element elementor-element-288b41d9 e-con-full e-flex e-con e-parent\" data-id=\"288b41d9\" data-element_type=\"container\">\n\t\t\t\t<div class=\"elementor-element elementor-element-1adb1df9 elementor-widget__width-initial elementor-widget elementor-widget-heading\" data-id=\"1adb1df9\" data-element_type=\"widget\" data-widget_type=\"heading.default\">\n\t\t\t\t\t<h3 class=\"elementor-heading-title elementor-size-default\">Le parfait \u00e9quilibre entre convivialit\u00e9 et confort<\/h3>\t\t\t\t<\/div>\n\t\t<div class=\"elementor-element elementor-element-18daf29 e-grid e-con-full e-con e-child\" data-id=\"18daf29\" data-element_type=\"container\">\n\t\t\t\t<div class=\"elementor-element elementor-element-4313bc9a elementor-widget__width-initial elementor-widget elementor-widget-text-editor\" data-id=\"4313bc9a\" data-element_type=\"widget\" data-widget_type=\"text-editor.default\">\n\t\t\t\t\t\t\t\t\t<p><strong style=\"letter-spacing: 1.6px;\" data-start=\"153\" data-end=\"192\">En famille, en couple ou entre amis<\/strong><span style=\"letter-spacing: 1.6px;\">, profitez d\u2019un s\u00e9jour tout confort dans un cadre montagnard authentique. Nos h\u00e9bergements, pouvant accueillir de <\/span><strong style=\"letter-spacing: 1.6px;\" data-start=\"306\" data-end=\"325\">4 \u00e0 6 personnes<\/strong><span style=\"letter-spacing: 1.6px;\">, allient <\/span><strong style=\"letter-spacing: 1.6px;\" data-start=\"335\" data-end=\"379\">\u00e9quipement moderne et d\u00e9coration soign\u00e9e<\/strong><span style=\"letter-spacing: 1.6px;\"> pour que vous vous sentiez imm\u00e9diatement chez vous.<\/span><\/p><p>Depuis votre balcon, admirez la <strong data-start=\"466\" data-end=\"514\">vue imprenable sur les sommets et la piste<\/strong>\u00a0qui s\u2019\u00e9tend au pied de la r\u00e9sidence.<\/p><p><span style=\"letter-spacing: 1.6px;\">Ici, <\/span><strong style=\"letter-spacing: 1.6px;\" data-start=\"562\" data-end=\"597\">le ski commence d\u00e8s votre porte<\/strong><span style=\"letter-spacing: 1.6px;\"> : plus besoin de porter vos skis, il suffit de sortir, chausser\u2026 et glisser !<\/span><span style=\"letter-spacing: 1.6px;\">\u00a0<\/span><\/p><p><span style=\"letter-spacing: 1.6px;\">Choisissez votre appartement :<\/span><\/p>\t\t\t\t\t\t\t\t<\/div>\n\t\t\t\t<\/div>\n\t\t\t\t<\/div>\n\t\t<div class=\"elementor-element elementor-element-66a19392 e-grid e-con-boxed e-con e-parent\" data-id=\"66a19392\" data-element_type=\"container\">\n\t\t\t\t\t<div class=\"e-con-inner\">\n\t\t\t\t<div class=\"elementor-element elementor-element-30361c4 elementor-widget elementor-widget-cta\" data-id=\"30361c4\" data-element_type=\"widget\" data-settings=\"{&quot;primary_button_shape&quot;:&quot;round&quot;,&quot;layout_preset&quot;:&quot;streamline&quot;,&quot;content_alignment&quot;:&quot;center&quot;,&quot;content_alignment_tablet&quot;:&quot;center&quot;,&quot;content_alignment_mobile&quot;:&quot;center&quot;,&quot;cta_width&quot;:&quot;default&quot;,&quot;cta_position&quot;:&quot;default&quot;,&quot;box_shape&quot;:&quot;sharp&quot;}\" data-widget_type=\"cta.default\">\n\t\t\t\t<div class=\"elementor-widget-container\">\n\t\t\t\t\t\t\t<div class=\"has-shape-sharp shape-type-box ehp-cta has-preset-streamline\">\n\t\t\t<div class=\"ehp-cta__overlay\"><\/div>\n\t\t\t<div class=\"ehp-cta__elements-container\">\n\t\t\t\t\t\t<div class=\"ehp-cta__text-container\">\n\t\t\t<h4 class=\"ehp-cta__heading\">Le F2<\/h4><p class=\"ehp-cta__description\">Vue montagne <br>1 chambre - 1 coin montagne <br>5 personnes<\/p>\t\t<\/div>\n\t\t\t\t\t<div class=\"ehp-cta__ctas-container has-cta-width-default\">\n\t\t\t\t<div class=\"ehp-cta__buttons-wrapper\">\n\t\t\t\t\t\t\t<a class=\"has-shape-round shape-type-button ehp-button ehp-button--primary ehp-cta__button ehp-cta__button--primary is-type-button has-border\" href=\"http:\/\/cimesmeribel.fr\/index.php\/le-f2\/\">\n\t\t\t\t\t<span class=\"ehp-button__text ehp-cta__button-text ehp-cta__button-text--primary\">\n\t\t\tD\u00e9couvrir\t\t\t\t<\/a>\n\t\t\t\t\t\t\t\t\t\t\t<\/div>\n\t\t\t<\/div>\n\t\t\t\t\t<\/div>\n\t\t<\/div>\n\t\t\t\t\t\t<\/div>\n\t\t\t\t<\/div>\n\t\t\t\t<div class=\"elementor-element elementor-element-38d187d elementor-widget elementor-widget-cta\" data-id=\"38d187d\" data-element_type=\"widget\" data-settings=\"{&quot;primary_button_shape&quot;:&quot;round&quot;,&quot;layout_preset&quot;:&quot;streamline&quot;,&quot;content_alignment&quot;:&quot;center&quot;,&quot;content_alignment_tablet&quot;:&quot;center&quot;,&quot;content_alignment_mobile&quot;:&quot;center&quot;,&quot;cta_width&quot;:&quot;default&quot;,&quot;cta_position&quot;:&quot;default&quot;,&quot;box_shape&quot;:&quot;sharp&quot;}\" data-widget_type=\"cta.default\">\n\t\t\t\t<div class=\"elementor-widget-container\">\n\t\t\t\t\t\t\t<div class=\"has-shape-sharp shape-type-box ehp-cta has-preset-streamline\">\n\t\t\t<div class=\"ehp-cta__overlay\"><\/div>\n\t\t\t<div class=\"ehp-cta__elements-container\">\n\t\t\t\t\t\t<div class=\"ehp-cta__text-container\">\n\t\t\t<h4 class=\"ehp-cta__heading\">Le E5\n<\/h4><p class=\"ehp-cta__description\">Vue montagne <br>1 coin montagne <br>4 personnes<\/p>\t\t<\/div>\n\t\t\t\t\t<div class=\"ehp-cta__ctas-container has-cta-width-default\">\n\t\t\t\t<div class=\"ehp-cta__buttons-wrapper\">\n\t\t\t\t\t\t\t<a class=\"has-shape-round shape-type-button ehp-button ehp-button--primary ehp-cta__button ehp-cta__button--primary is-type-button has-border\" href=\"https:\/\/cimesmeribel.fr\/index.php\/le-duplex\/\">\n\t\t\t\t\t<span class=\"ehp-button__text ehp-cta__button-text ehp-cta__button-text--primary\">\n\t\t\tD\u00e9couvrir\t\t\t\t<\/a>\n\t\t\t\t\t\t\t\t\t\t\t<\/div>\n\t\t\t<\/div>\n\t\t\t\t\t<\/div>\n\t\t<\/div>\n\t\t\t\t\t\t<\/div>\n\t\t\t\t<\/div>\n\t\t\t\t<div class=\"elementor-element elementor-element-3e6b3437 elementor-widget elementor-widget-cta\" data-id=\"3e6b3437\" data-element_type=\"widget\" data-settings=\"{&quot;primary_button_shape&quot;:&quot;round&quot;,&quot;layout_preset&quot;:&quot;streamline&quot;,&quot;content_alignment&quot;:&quot;center&quot;,&quot;content_alignment_tablet&quot;:&quot;center&quot;,&quot;content_alignment_mobile&quot;:&quot;center&quot;,&quot;cta_width&quot;:&quot;default&quot;,&quot;cta_position&quot;:&quot;default&quot;,&quot;box_shape&quot;:&quot;sharp&quot;}\" data-widget_type=\"cta.default\">\n\t\t\t\t<div class=\"elementor-widget-container\">\n\t\t\t\t\t\t\t<div class=\"has-shape-sharp shape-type-box ehp-cta has-preset-streamline\">\n\t\t\t<div class=\"ehp-cta__overlay\"><\/div>\n\t\t\t<div class=\"ehp-cta__elements-container\">\n\t\t\t\t\t\t<div class=\"ehp-cta__text-container\">\n\t\t\t<h4 class=\"ehp-cta__heading\">Le Studio<\/h4><p class=\"ehp-cta__description\">Vue montagne <br>1 coin montagne <br>4 personnes <\/p>\t\t<\/div>\n\t\t\t\t\t<div class=\"ehp-cta__ctas-container has-cta-width-default\">\n\t\t\t\t<div class=\"ehp-cta__buttons-wrapper\">\n\t\t\t\t\t\t\t<a class=\"has-shape-round shape-type-button ehp-button ehp-button--primary ehp-cta__button ehp-cta__button--primary is-type-button has-border\" href=\"http:\/\/cimesmeribel.fr\/index.php\/le-studio\/\">\n\t\t\t\t\t<span class=\"ehp-button__text ehp-cta__button-text ehp-cta__button-text--primary\">\n\t\t\tD\u00e9couvrir\t\t\t\t<\/a>\n\t\t\t\t\t\t\t\t\t\t\t<\/div>\n\t\t\t<\/div>\n\t\t\t\t\t<\/div>\n\t\t<\/div>\n\t\t\t\t\t\t<\/div>\n\t\t\t\t<\/div>\n\t\t\t\t<div class=\"elementor-element elementor-element-49b562e4 elementor-widget elementor-widget-cta\" data-id=\"49b562e4\" data-element_type=\"widget\" data-settings=\"{&quot;primary_button_shape&quot;:&quot;round&quot;,&quot;layout_preset&quot;:&quot;streamline&quot;,&quot;content_alignment&quot;:&quot;center&quot;,&quot;content_alignment_tablet&quot;:&quot;center&quot;,&quot;content_alignment_mobile&quot;:&quot;center&quot;,&quot;cta_width&quot;:&quot;default&quot;,&quot;cta_position&quot;:&quot;default&quot;,&quot;box_shape&quot;:&quot;sharp&quot;}\" data-widget_type=\"cta.default\">\n\t\t\t\t<div class=\"elementor-widget-container\">\n\t\t\t\t\t\t\t<div class=\"has-shape-sharp shape-type-box ehp-cta has-preset-streamline\">\n\t\t\t<div class=\"ehp-cta__overlay\"><\/div>\n\t\t\t<div class=\"ehp-cta__elements-container\">\n\t\t\t\t\t\t<div class=\"ehp-cta__text-container\">\n\t\t\t<h4 class=\"ehp-cta__heading\">Le Duplex<\/h4><p class=\"ehp-cta__description\">Vue montagne<br>Plein Sud <br>3 chambres <br>6 personnes<\/p>\t\t<\/div>\n\t\t\t\t\t<div class=\"ehp-cta__ctas-container has-cta-width-default\">\n\t\t\t\t<div class=\"ehp-cta__buttons-wrapper\">\n\t\t\t\t\t\t\t<a class=\"has-shape-round shape-type-button ehp-button ehp-button--primary ehp-cta__button ehp-cta__button--primary is-type-button has-border\" href=\"https:\/\/cimesmeribel.fr\/index.php\/experience\/\">\n\t\t\t\t\t<span class=\"ehp-button__text ehp-cta__button-text ehp-cta__button-text--primary\">\n\t\t\tD\u00e9couvrir\t\t\t\t<\/a>\n\t\t\t\t\t\t\t\t\t\t\t<\/div>\n\t\t\t<\/div>\n\t\t\t\t\t<\/div>\n\t\t<\/div>\n\t\t\t\t\t\t<\/div>\n\t\t\t\t<\/div>\n\t\t\t\t\t<\/div>\n\t\t\t\t<\/div>\n\t\t<div class=\"elementor-element elementor-element-114e3a3d e-con-full e-flex e-con e-parent\" data-id=\"114e3a3d\" data-element_type=\"container\">\n\t\t<div class=\"elementor-element elementor-element-6bc1ff87 e-con-full e-flex e-con e-child\" data-id=\"6bc1ff87\" data-element_type=\"container\">\n\t\t\t\t<div class=\"elementor-element elementor-element-5257f4d elementor-widget__width-initial elementor-widget elementor-widget-heading\" data-id=\"5257f4d\" data-element_type=\"widget\" data-widget_type=\"heading.default\">\n\t\t\t\t\t<h3 class=\"elementor-heading-title elementor-size-default\">Venez vivre une exp\u00e9rience pure et authentique<\/h3>\t\t\t\t<\/div>\n\t\t\t\t<\/div>\n\t\t<div class=\"elementor-element elementor-element-204f0141 e-con-full e-flex e-con e-child\" data-id=\"204f0141\" data-element_type=\"container\">\n\t\t\t\t<div class=\"elementor-element elementor-element-174beff6 elementor-widget__width-initial elementor-widget elementor-widget-text-editor\" data-id=\"174beff6\" data-element_type=\"widget\" data-widget_type=\"text-editor.default\">\n\t\t\t\t\t\t\t\t\t<p><span style=\"letter-spacing: 1.6px;\">\u00c9vadez-vous dans un havre de paix au c\u0153ur des Alpes<\/span><span style=\"letter-spacing: 1.6px;\">, o\u00f9 la montagne r\u00e9g\u00e9n\u00e8re le corps et l\u2019esprit. Respirez l\u2019air pur, laissez-vous envelopper par la beaut\u00e9 des paysages et retrouvez le rythme apaisant de la nature.\u00a0<\/span><\/p><p style=\"letter-spacing: 1.6px;\"><span style=\"letter-spacing: 1.6px;\">\u00c0 M\u00e9ribel, nos appartements sont pens\u00e9s comme des cocons qui vous<\/span><span style=\"letter-spacing: 1.6px;\">\u00a0invitent \u00e0 la d\u00e9tente, \u00e0 la reconnexion et \u00e0 la simplicit\u00e9 retrouv\u00e9e.<\/span><\/p>\t\t\t\t\t\t\t\t<\/div>\n\t\t\t\t<\/div>\n\t\t\t\t<\/div>\n\t\t<div class=\"elementor-element elementor-element-3eb0e2d5 e-con-full e-flex e-con e-parent\" data-id=\"3eb0e2d5\" data-element_type=\"container\">\n\t\t<div class=\"elementor-element elementor-element-7fcddbf e-con-full e-flex e-con e-child\" data-id=\"7fcddbf\" data-element_type=\"container\" data-settings=\"{&quot;background_background&quot;:&quot;classic&quot;}\">\n\t\t\t\t<\/div>\n\t\t<div class=\"elementor-element elementor-element-26735916 e-con-full e-flex e-con e-child\" data-id=\"26735916\" data-element_type=\"container\">\n\t\t\t\t<div class=\"elementor-element elementor-element-32a38dff elementor-align-left elementor-icon-list--layout-traditional elementor-list-item-link-full_width elementor-widget elementor-widget-icon-list\" data-id=\"32a38dff\" data-element_type=\"widget\" data-widget_type=\"icon-list.default\">\n\t\t\t\t\t\t\t<ul class=\"elementor-icon-list-items\">\n\t\t\t\t\t\t\t<li class=\"elementor-icon-list-item\">\n\t\t\t\t\t\t\t\t\t\t\t<span class=\"elementor-icon-list-icon\">\n\t\t\t\t\t\t\t<svg aria-hidden=\"true\" class=\"e-font-icon-svg e-fas-circle\" viewBox=\"0 0 512 512\" xmlns=\"http:\/\/www.w3.org\/2000\/svg\"><path d=\"M256 8C119 8 8 119 8 256s111 248 248 248 248-111 248-248S393 8 256 8z\"><\/path><\/svg>\t\t\t\t\t\t<\/span>\n\t\t\t\t\t\t\t\t\t\t<span class=\"elementor-icon-list-text\">Une literie confortable <\/span>\n\t\t\t\t\t\t\t\t\t<\/li>\n\t\t\t\t\t\t<\/ul>\n\t\t\t\t\t\t<\/div>\n\t\t\t\t<div class=\"elementor-element elementor-element-20b84cc6 elementor-align-left elementor-icon-list--layout-traditional elementor-list-item-link-full_width elementor-widget elementor-widget-icon-list\" data-id=\"20b84cc6\" data-element_type=\"widget\" data-widget_type=\"icon-list.default\">\n\t\t\t\t\t\t\t<ul class=\"elementor-icon-list-items\">\n\t\t\t\t\t\t\t<li class=\"elementor-icon-list-item\">\n\t\t\t\t\t\t\t\t\t\t\t<span class=\"elementor-icon-list-icon\">\n\t\t\t\t\t\t\t<svg aria-hidden=\"true\" class=\"e-font-icon-svg e-fas-circle\" viewBox=\"0 0 512 512\" xmlns=\"http:\/\/www.w3.org\/2000\/svg\"><path d=\"M256 8C119 8 8 119 8 256s111 248 248 248 248-111 248-248S393 8 256 8z\"><\/path><\/svg>\t\t\t\t\t\t<\/span>\n\t\t\t\t\t\t\t\t\t\t<span class=\"elementor-icon-list-text\">Un acc\u00e8s direct aux pistes depuis les casiers \u00e0 ski<\/span>\n\t\t\t\t\t\t\t\t\t<\/li>\n\t\t\t\t\t\t<\/ul>\n\t\t\t\t\t\t<\/div>\n\t\t\t\t<div class=\"elementor-element elementor-element-733bd0c5 elementor-align-left elementor-icon-list--layout-traditional elementor-list-item-link-full_width elementor-widget elementor-widget-icon-list\" data-id=\"733bd0c5\" data-element_type=\"widget\" data-widget_type=\"icon-list.default\">\n\t\t\t\t\t\t\t<ul class=\"elementor-icon-list-items\">\n\t\t\t\t\t\t\t<li class=\"elementor-icon-list-item\">\n\t\t\t\t\t\t\t\t\t\t\t<span class=\"elementor-icon-list-icon\">\n\t\t\t\t\t\t\t<svg aria-hidden=\"true\" class=\"e-font-icon-svg e-fas-circle\" viewBox=\"0 0 512 512\" xmlns=\"http:\/\/www.w3.org\/2000\/svg\"><path d=\"M256 8C119 8 8 119 8 256s111 248 248 248 248-111 248-248S393 8 256 8z\"><\/path><\/svg>\t\t\t\t\t\t<\/span>\n\t\t\t\t\t\t\t\t\t\t<span class=\"elementor-icon-list-text\">Une vue sur les montagnes <\/span>\n\t\t\t\t\t\t\t\t\t<\/li>\n\t\t\t\t\t\t<\/ul>\n\t\t\t\t\t\t<\/div>\n\t\t\t\t<div class=\"elementor-element elementor-element-2b858af2 elementor-align-left elementor-icon-list--layout-traditional elementor-list-item-link-full_width elementor-widget elementor-widget-icon-list\" data-id=\"2b858af2\" data-element_type=\"widget\" data-widget_type=\"icon-list.default\">\n\t\t\t\t\t\t\t<ul class=\"elementor-icon-list-items\">\n\t\t\t\t\t\t\t<li class=\"elementor-icon-list-item\">\n\t\t\t\t\t\t\t\t\t\t\t<span class=\"elementor-icon-list-icon\">\n\t\t\t\t\t\t\t<svg aria-hidden=\"true\" class=\"e-font-icon-svg e-fas-circle\" viewBox=\"0 0 512 512\" xmlns=\"http:\/\/www.w3.org\/2000\/svg\"><path d=\"M256 8C119 8 8 119 8 256s111 248 248 248 248-111 248-248S393 8 256 8z\"><\/path><\/svg>\t\t\t\t\t\t<\/span>\n\t\t\t\t\t\t\t\t\t\t<span class=\"elementor-icon-list-text\">Proche des commerces <\/span>\n\t\t\t\t\t\t\t\t\t<\/li>\n\t\t\t\t\t\t<\/ul>\n\t\t\t\t\t\t<\/div>\n\t\t\t\t<div class=\"elementor-element elementor-element-357cefff elementor-align-left elementor-icon-list--layout-traditional elementor-list-item-link-full_width elementor-widget elementor-widget-icon-list\" data-id=\"357cefff\" data-element_type=\"widget\" data-widget_type=\"icon-list.default\">\n\t\t\t\t\t\t\t<ul class=\"elementor-icon-list-items\">\n\t\t\t\t\t\t\t<li class=\"elementor-icon-list-item\">\n\t\t\t\t\t\t\t\t\t\t\t<span class=\"elementor-icon-list-icon\">\n\t\t\t\t\t\t\t<svg aria-hidden=\"true\" class=\"e-font-icon-svg e-fas-circle\" viewBox=\"0 0 512 512\" xmlns=\"http:\/\/www.w3.org\/2000\/svg\"><path d=\"M256 8C119 8 8 119 8 256s111 248 248 248 248-111 248-248S393 8 256 8z\"><\/path><\/svg>\t\t\t\t\t\t<\/span>\n\t\t\t\t\t\t\t\t\t\t<span class=\"elementor-icon-list-text\">De larges balcons pour profiter de la vue et du soleil <\/span>\n\t\t\t\t\t\t\t\t\t<\/li>\n\t\t\t\t\t\t<\/ul>\n\t\t\t\t\t\t<\/div>\n\t\t\t\t<div class=\"elementor-element elementor-element-30099aa2 elementor-align-left elementor-icon-list--layout-traditional elementor-list-item-link-full_width elementor-widget elementor-widget-icon-list\" data-id=\"30099aa2\" data-element_type=\"widget\" data-widget_type=\"icon-list.default\">\n\t\t\t\t\t\t\t<ul class=\"elementor-icon-list-items\">\n\t\t\t\t\t\t\t<li class=\"elementor-icon-list-item\">\n\t\t\t\t\t\t\t\t\t\t\t<span class=\"elementor-icon-list-icon\">\n\t\t\t\t\t\t\t<svg aria-hidden=\"true\" class=\"e-font-icon-svg e-fas-circle\" viewBox=\"0 0 512 512\" xmlns=\"http:\/\/www.w3.org\/2000\/svg\"><path d=\"M256 8C119 8 8 119 8 256s111 248 248 248 248-111 248-248S393 8 256 8z\"><\/path><\/svg>\t\t\t\t\t\t<\/span>\n\t\t\t\t\t\t\t\t\t\t<span class=\"elementor-icon-list-text\">Des cuisines enti\u00e8rement \u00e9quip\u00e9es<\/span>\n\t\t\t\t\t\t\t\t\t<\/li>\n\t\t\t\t\t\t<\/ul>\n\t\t\t\t\t\t<\/div>\n\t\t\t\t<\/div>\n\t\t\t\t<\/div>\n\t\t<div class=\"elementor-element elementor-element-23069199 e-con-full e-flex e-con e-parent\" data-id=\"23069199\" data-element_type=\"container\">\n\t\t<div class=\"elementor-element elementor-element-4f519df7 e-con-full e-flex e-con e-child\" data-id=\"4f519df7\" data-element_type=\"container\">\n\t\t\t\t<div class=\"elementor-element elementor-element-4f41c097 elementor-widget__width-initial elementor-widget elementor-widget-heading\" data-id=\"4f41c097\" data-element_type=\"widget\" data-widget_type=\"heading.default\">\n\t\t\t\t\t<h3 class=\"elementor-heading-title elementor-size-default\">M\u00e9ribel, ski d'exception et nature pr\u00e9serv\u00e9e<\/h3>\t\t\t\t<\/div>\n\t\t\t\t<\/div>\n\t\t<div class=\"elementor-element elementor-element-4ecf0630 e-con-full e-flex e-con e-child\" data-id=\"4ecf0630\" data-element_type=\"container\">\n\t\t\t\t<div class=\"elementor-element elementor-element-3b9e88f6 elementor-widget__width-initial elementor-widget elementor-widget-text-editor\" data-id=\"3b9e88f6\" data-element_type=\"widget\" data-widget_type=\"text-editor.default\">\n\t\t\t\t\t\t\t\t\t<p><strong data-start=\"102\" data-end=\"134\">Nich\u00e9e au c\u0153ur des 3 Vall\u00e9es<\/strong>, le plus grand domaine skiable du monde, <strong data-start=\"176\" data-end=\"187\">M\u00e9ribel<\/strong> s\u00e9duit par son charme authentique et son emplacement privil\u00e9gi\u00e9. \u00a0Reli\u00e9e directement \u00e0 Courchevel, Les Menuires et Val Thorens, elle est le point de d\u00e9part id\u00e9al pour explorer la montagne sous toutes ses formes, hiver comme \u00e9t\u00e9.<\/p>\t\t\t\t\t\t\t\t<\/div>\n\t\t\t\t<div class=\"elementor-element elementor-element-66b9de0d elementor-align-right elementor-mobile-align-justify elementor-widget elementor-widget-button\" data-id=\"66b9de0d\" data-element_type=\"widget\" data-widget_type=\"button.default\">\n\t\t\t\t\t\t\t\t\t\t<a class=\"elementor-button elementor-button-link elementor-size-sm\" href=\"https:\/\/library.elementor.com\/property-rental-hp\/contact\/\">\n\t\t\t\t\t\t<span class=\"elementor-button-content-wrapper\">\n\t\t\t\t\t\t\t\t\t<span class=\"elementor-button-text\">D\u00e9couvrir<\/span>\n\t\t\t\t\t<\/span>\n\t\t\t\t\t<\/a>\n\t\t\t\t\t\t\t\t<\/div>\n\t\t\t\t<\/div>\n\t\t\t\t<\/div>\n\t\t<div class=\"elementor-element elementor-element-2c1292ea e-con-full e-flex e-con e-parent\" data-id=\"2c1292ea\" data-element_type=\"container\" data-settings=\"{&quot;background_background&quot;:&quot;classic&quot;}\">\n\t\t\t\t<\/div>\n\t\t\t\t<\/div>\n\t\t","protected":false},"excerpt":{"rendered":"<p>Des appartements skis aux pieds \u00e0 M\u00e9ribel A M\u00e9ribel Mottaret, au coeur des 3 Vall\u00e9es, nos appartements skis aux pieds offrent un acc\u00e8s privil\u00e9gi\u00e9 \u00e0 l&rsquo;un des plus beau domaine skiable. Nich\u00e9s entre for\u00eats de sapins et sommets enneig\u00e9s, ils permettent de vivre pleinement la montagne \u2014 du premier virage au dernier rayon de soleil. [&hellip;]<\/p>\n","protected":false},"author":1,"featured_media":0,"parent":0,"menu_order":0,"comment_status":"closed","ping_status":"closed","template":"elementor_header_footer","meta":{"footnotes":""},"class_list":["post-13","page","type-page","status-publish","hentry"],"_links":{"self":[{"href":"https:\/\/cimesmeribel.fr\/index.php\/wp-json\/wp\/v2\/pages\/13","targetHints":{"allow":["GET"]}}],"collection":[{"href":"https:\/\/cimesmeribel.fr\/index.php\/wp-json\/wp\/v2\/pages"}],"about":[{"href":"https:\/\/cimesmeribel.fr\/index.php\/wp-json\/wp\/v2\/types\/page"}],"author":[{"embeddable":true,"href":"https:\/\/cimesmeribel.fr\/index.php\/wp-json\/wp\/v2\/users\/1"}],"replies":[{"embeddable":true,"href":"https:\/\/cimesmeribel.fr\/index.php\/wp-json\/wp\/v2\/comments?post=13"}],"version-history":[{"count":112,"href":"https:\/\/cimesmeribel.fr\/index.php\/wp-json\/wp\/v2\/pages\/13\/revisions"}],"predecessor-version":[{"id":512,"href":"https:\/\/cimesmeribel.fr\/index.php\/wp-json\/wp\/v2\/pages\/13\/revisions\/512"}],"wp:attachment":[{"href":"https:\/\/cimesmeribel.fr\/index.php\/wp-json\/wp\/v2\/media?parent=13"}],"curies":[{"name":"wp","href":"https:\/\/api.w.org\/{rel}","templated":true}]}}