{"id":123,"date":"2025-10-14T15:34:03","date_gmt":"2025-10-14T15:34:03","guid":{"rendered":"http:\/\/cimesmeribel.fr\/?page_id=123"},"modified":"2025-11-20T09:03:05","modified_gmt":"2025-11-20T09:03:05","slug":"meribel-m","status":"publish","type":"page","link":"https:\/\/cimesmeribel.fr\/index.php\/meribel-m\/","title":{"rendered":"M\u00e9ribel"},"content":{"rendered":"\t\t<div data-elementor-type=\"wp-page\" data-elementor-id=\"123\" class=\"elementor elementor-123\" data-elementor-post-type=\"page\">\n\t\t\t\t<div class=\"elementor-element elementor-element-a900158 e-flex e-con-boxed e-con e-parent\" data-id=\"a900158\" data-element_type=\"container\">\n\t\t\t\t\t<div class=\"e-con-inner\">\n\t\t\t\t<div class=\"elementor-element elementor-element-c23db6f elementor-widget elementor-widget-heading\" data-id=\"c23db6f\" data-element_type=\"widget\" data-widget_type=\"heading.default\">\n\t\t\t\t\t<h2 class=\"elementor-heading-title elementor-size-default\">M\u00e9ribel, au coeur des 3 Vall\u00e9es<\/h2>\t\t\t\t<\/div>\n\t\t\t\t<div class=\"elementor-element elementor-element-c226d9b elementor-widget elementor-widget-text-editor\" data-id=\"c226d9b\" data-element_type=\"widget\" data-widget_type=\"text-editor.default\">\n\t\t\t\t\t\t\t\t\t<p><b>Bienvenue \u00e0 M\u00e9ribel<\/b>, une station o\u00f9 la montagne se vit pleinement. Blottie au c\u0153ur des 3 Vall\u00e9es, elle s\u00e9duit par son authenticit\u00e9 et sa nature pr\u00e9serv\u00e9e. Entre for\u00eats, chalets et sommets majestueux, la station allie charme alpin et acc\u00e8s direct au <b>plus grand domaine skiable du monde<\/b>.<\/p><p>Que vous soyez skieur passionn\u00e9 ou simple amateur de montagne, M\u00e9ribel promet une exp\u00e9rience inoubliable, faite de glisse, de nature et de moments partag\u00e9s.\u00a0<\/p>\t\t\t\t\t\t\t\t<\/div>\n\t\t\t\t\t<\/div>\n\t\t\t\t<\/div>\n\t\t<div class=\"elementor-element elementor-element-19bb0a1f e-grid e-con-full e-con e-parent\" data-id=\"19bb0a1f\" data-element_type=\"container\">\n\t\t\t\t<div class=\"elementor-element elementor-element-360bc22 elementor-widget__width-initial elementor-widget elementor-widget-heading\" data-id=\"360bc22\" data-element_type=\"widget\" data-widget_type=\"heading.default\">\n\t\t\t\t\t<h2 class=\"elementor-heading-title elementor-size-default\">Paysages grandioses, atmosph\u00e8re conviviale et ski d'exception<\/h2>\t\t\t\t<\/div>\n\t\t\t\t<div class=\"elementor-element elementor-element-ca6d799 elementor-widget elementor-widget-zigzag\" data-id=\"ca6d799\" data-element_type=\"widget\" data-settings=\"{&quot;image_shape&quot;:&quot;sharp&quot;}\" data-widget_type=\"zigzag.default\">\n\t\t\t\t<div class=\"elementor-widget-container\">\n\t\t\t\t\t\t\t<div class=\"ehp-zigzag has-direction-end\">\n\t\t\t\t\t\t\t<div class=\"ehp-zigzag__item-wrapper\">\n\t\t\t\t\t<div class=\"ehp-zigzag__item-container\">\n\t\t\t\t\t\t\t\t<div class=\"ehp-zigzag__graphic-element-container has-image\">\n\t\t\t\t\t\t<div class=\"ehp-image ehp-zigzag__image-container\">\n\t\t\t\t<img decoding=\"async\" class=\"ehp-image__img ehp-zigzag__img has-shape-sharp shape-type-image\" src=\"https:\/\/cimesmeribel.fr\/wp-content\/uploads\/2025\/10\/hiver-paysage-meribel-1920x1080-sylvainaymoz-146.jpg\" title=\"hiver-paysage-meribel-1920&#215;1080-sylvainaymoz-146\" alt=\"hiver-paysage-meribel-1920x1080-sylvainaymoz-146\" loading=\"lazy\" \/>\t\t\t<\/div>\n\t\t\t\t\t<\/div>\n\t\t\t\t<div class=\"ehp-zigzag__text-container is-graphic-image\">\n\t\t\t<h3 class=\"ehp-zigzag__title\">Une station de charme<\/h3><p class=\"ehp-zigzag__description\">Blotti entre for\u00eats et sommets, M\u00e9ribel s\u00e9duit par son charme authentique typiquement savoyard. Chalets en bois, paysages grandioses et ambiance chaleureuse en font un lieu unique.<\/p>\t\t<\/div>\n\t\t\t\t\t\t\t<\/div>\n\t\t\t\t<\/div>\n\t\t\t\t\t\t\t\t<div class=\"ehp-zigzag__item-wrapper\">\n\t\t\t\t\t<div class=\"ehp-zigzag__item-container\">\n\t\t\t\t\t\t\t\t<div class=\"ehp-zigzag__graphic-element-container has-image\">\n\t\t\t\t\t\t<div class=\"ehp-image ehp-zigzag__image-container ehp-image ehp-zigzag__image-container\">\n\t\t\t\t<img decoding=\"async\" class=\"ehp-image__img ehp-zigzag__img has-shape-sharp shape-type-image\" src=\"https:\/\/cimesmeribel.fr\/wp-content\/uploads\/2025\/10\/patrick-robert-doyle-IvHZn4flNbc-unsplash-scaled.jpg\" title=\"patrick-robert-doyle-IvHZn4flNbc-unsplash\" alt=\"patrick-robert-doyle-IvHZn4flNbc-unsplash\" loading=\"lazy\" \/>\t\t\t<\/div>\n\t\t\t\t\t<\/div>\n\t\t\t\t<div class=\"ehp-zigzag__text-container is-graphic-image\">\n\t\t\t<h3 class=\"ehp-zigzag__title\">Skiez sans limites<\/h3><p class=\"ehp-zigzag__description\">Situ\u00e9e au centre des <strong data-start=\"545\" data-end=\"558\">3 Vall\u00e9es<\/strong>, M\u00e9ribel ouvre les portes du plus grand domaine skiable du monde. <strong data-start=\"625\" data-end=\"661\">600 kilom\u00e8tres de pistes reli\u00e9es<\/strong> pour tous les niveaux, des paysages vari\u00e9s et une glisse incomparable.<\/p>\t\t<\/div>\n\t\t\t\t\t\t\t<\/div>\n\t\t\t\t<\/div>\n\t\t\t\t\t\t\t<\/div>\n\t\t\t\t\t\t<\/div>\n\t\t\t\t<\/div>\n\t\t\t\t<div class=\"elementor-element elementor-element-8c62758 elementor-widget elementor-widget-zigzag\" data-id=\"8c62758\" data-element_type=\"widget\" data-settings=\"{&quot;image_shape&quot;:&quot;sharp&quot;}\" data-widget_type=\"zigzag.default\">\n\t\t\t\t<div class=\"elementor-widget-container\">\n\t\t\t\t\t\t\t<div class=\"ehp-zigzag has-direction-end\">\n\t\t\t\t\t\t\t<div class=\"ehp-zigzag__item-wrapper\">\n\t\t\t\t\t<div class=\"ehp-zigzag__item-container\">\n\t\t\t\t\t\t\t\t<div class=\"ehp-zigzag__graphic-element-container has-image\">\n\t\t\t\t\t\t<div class=\"ehp-image ehp-zigzag__image-container\">\n\t\t\t\t<img decoding=\"async\" class=\"ehp-image__img ehp-zigzag__img has-shape-sharp shape-type-image\" src=\"https:\/\/cimesmeribel.fr\/wp-content\/uploads\/2025\/10\/greg-rosenke-VtqZsQ-el8k-unsplash-scaled.jpg\" title=\"greg-rosenke-VtqZsQ-el8k-unsplash\" alt=\"greg-rosenke-VtqZsQ-el8k-unsplash\" loading=\"lazy\" \/>\t\t\t<\/div>\n\t\t\t\t\t<\/div>\n\t\t\t\t<div class=\"ehp-zigzag__text-container is-graphic-image\">\n\t\t\t<h3 class=\"ehp-zigzag__title\">Toutes formes de glisse<\/h3><p class=\"ehp-zigzag__description\">\u00c0 M\u00e9ribel, le ski se vit sous toutes ses formes : alpin, freeride, freestyle, snowboard, randonn\u00e9e ou ski nordique. Quelle que soit votre envie, la montagne vous offre un terrain de jeu infini.<\/p>\t\t<\/div>\n\t\t\t\t\t\t\t<\/div>\n\t\t\t\t<\/div>\n\t\t\t\t\t\t\t\t<div class=\"ehp-zigzag__item-wrapper\">\n\t\t\t\t\t<div class=\"ehp-zigzag__item-container\">\n\t\t\t\t\t\t\t\t<div class=\"ehp-zigzag__graphic-element-container has-image\">\n\t\t\t\t\t\t<div class=\"ehp-image ehp-zigzag__image-container ehp-image ehp-zigzag__image-container\">\n\t\t\t\t<img decoding=\"async\" class=\"ehp-image__img ehp-zigzag__img has-shape-sharp shape-type-image\" src=\"https:\/\/cimesmeribel.fr\/wp-content\/uploads\/2025\/10\/maxwell-ingham-d3Lm40Dn9rA-unsplash-scaled.webp\" title=\"maxwell-ingham-d3Lm40Dn9rA-unsplash\" alt=\"maxwell-ingham-d3Lm40Dn9rA-unsplash\" loading=\"lazy\" \/>\t\t\t<\/div>\n\t\t\t\t\t<\/div>\n\t\t\t\t<div class=\"ehp-zigzag__text-container is-graphic-image\">\n\t\t\t<h3 class=\"ehp-zigzag__title\">Le paradis des familles<\/h3><p class=\"ehp-zigzag__description\">Ici, tout est pens\u00e9 pour petits et grands. Espaces ludiques, \u00e9coles de ski, garderies et animations font de M\u00e9ribel une destination id\u00e9ale pour des vacances en famille r\u00e9ussies.<\/p>\t\t<\/div>\n\t\t\t\t\t\t\t<\/div>\n\t\t\t\t<\/div>\n\t\t\t\t\t\t\t<\/div>\n\t\t\t\t\t\t<\/div>\n\t\t\t\t<\/div>\n\t\t\t\t<div class=\"elementor-element elementor-element-8fe2375 elementor-widget elementor-widget-zigzag\" data-id=\"8fe2375\" data-element_type=\"widget\" data-settings=\"{&quot;image_shape&quot;:&quot;sharp&quot;}\" data-widget_type=\"zigzag.default\">\n\t\t\t\t<div class=\"elementor-widget-container\">\n\t\t\t\t\t\t\t<div class=\"ehp-zigzag has-direction-end\">\n\t\t\t\t\t\t\t<div class=\"ehp-zigzag__item-wrapper\">\n\t\t\t\t\t<div class=\"ehp-zigzag__item-container\">\n\t\t\t\t\t\t\t\t<div class=\"ehp-zigzag__graphic-element-container has-image\">\n\t\t\t\t\t\t<div class=\"ehp-image ehp-zigzag__image-container\">\n\t\t\t\t<img decoding=\"async\" class=\"ehp-image__img ehp-zigzag__img has-shape-sharp shape-type-image\" src=\"https:\/\/cimesmeribel.fr\/wp-content\/uploads\/2025\/10\/david-cerini-Y-VB0cQ1zIA-unsplash-scaled.webp\" title=\"david-cerini-Y-VB0cQ1zIA-unsplash\" alt=\"david-cerini-Y-VB0cQ1zIA-unsplash\" loading=\"lazy\" \/>\t\t\t<\/div>\n\t\t\t\t\t<\/div>\n\t\t\t\t<div class=\"ehp-zigzag__text-container is-graphic-image\">\n\t\t\t<h4 class=\"ehp-zigzag__title\">Bien plus que du ski<\/h4><p class=\"ehp-zigzag__description\">Envie de varier les plaisirs ? Raquettes, luge, patin \u00e0 glace, ski jo\u00ebring ou simples balades en montagne\u2026 M\u00e9ribel regorge d\u2019activit\u00e9s pour s\u2019amuser, se ressourcer ou s\u2019\u00e9merveiller.<\/p>\t\t<\/div>\n\t\t\t\t\t\t\t<\/div>\n\t\t\t\t<\/div>\n\t\t\t\t\t\t\t\t<div class=\"ehp-zigzag__item-wrapper\">\n\t\t\t\t\t<div class=\"ehp-zigzag__item-container\">\n\t\t\t\t\t\t\t\t<div class=\"ehp-zigzag__graphic-element-container has-image\">\n\t\t\t\t\t\t<div class=\"ehp-image ehp-zigzag__image-container ehp-image ehp-zigzag__image-container\">\n\t\t\t\t<img decoding=\"async\" class=\"ehp-image__img ehp-zigzag__img has-shape-sharp shape-type-image\" src=\"https:\/\/cimesmeribel.fr\/wp-content\/uploads\/2025\/10\/andri-aeschlimann-rxbiOsQAxkE-unsplash-scaled.jpg\" title=\"andri-aeschlimann-rxbiOsQAxkE-unsplash\" alt=\"andri-aeschlimann-rxbiOsQAxkE-unsplash\" loading=\"lazy\" \/>\t\t\t<\/div>\n\t\t\t\t\t<\/div>\n\t\t\t\t<div class=\"ehp-zigzag__text-container is-graphic-image\">\n\t\t\t<h4 class=\"ehp-zigzag__title\">Saveurs de montagne<\/h4><p class=\"ehp-zigzag__description\">Entre bistrots chaleureux et tables gastronomiques, M\u00e9ribel ravit les gourmands. D\u00e9gustez une fondue entre amis ou un d\u00eener raffin\u00e9 face aux sommets \u2014 ici, chaque repas a le go\u00fbt du plaisir.<\/p>\t\t<\/div>\n\t\t\t\t\t\t\t<\/div>\n\t\t\t\t<\/div>\n\t\t\t\t\t\t\t<\/div>\n\t\t\t\t\t\t<\/div>\n\t\t\t\t<\/div>\n\t\t\t\t<\/div>\n\t\t<div class=\"elementor-element elementor-element-6631fc9b e-con-full e-flex e-con e-parent\" data-id=\"6631fc9b\" data-element_type=\"container\">\n\t\t<div class=\"elementor-element elementor-element-4d6d1bef e-con-full e-flex e-con e-child\" data-id=\"4d6d1bef\" data-element_type=\"container\">\n\t\t\t\t<div class=\"elementor-element elementor-element-47510ce1 elementor-widget__width-initial elementor-widget elementor-widget-heading\" data-id=\"47510ce1\" data-element_type=\"widget\" data-widget_type=\"heading.default\">\n\t\t\t\t\t<h3 class=\"elementor-heading-title elementor-size-default\">Venez vivre une exp\u00e9rience inoubliable<\/h3>\t\t\t\t<\/div>\n\t\t\t\t<\/div>\n\t\t<div class=\"elementor-element elementor-element-73afab1e e-con-full e-flex e-con e-child\" data-id=\"73afab1e\" data-element_type=\"container\">\n\t\t\t\t<div class=\"elementor-element elementor-element-36bdec67 elementor-widget elementor-widget-text-editor\" data-id=\"36bdec67\" data-element_type=\"widget\" data-widget_type=\"text-editor.default\">\n\t\t\t\t\t\t\t\t\t<p>Que vous r\u00eaviez de d\u00e9tente face aux cimes ou d\u2019exp\u00e9riences intenses en plein air, nos appartements vous garantissent un s\u00e9jour aussi d\u00e9paysant qu\u2019inoubliable.<\/p>\t\t\t\t\t\t\t\t<\/div>\n\t\t\t\t<div class=\"elementor-element elementor-element-652f324d elementor-align-right elementor-mobile-align-justify elementor-widget elementor-widget-button\" data-id=\"652f324d\" data-element_type=\"widget\" data-widget_type=\"button.default\">\n\t\t\t\t\t\t\t\t\t\t<a class=\"elementor-button elementor-button-link elementor-size-sm\" href=\"https:\/\/cimesmeribel.fr\/index.php\/reservations\/\">\n\t\t\t\t\t\t<span class=\"elementor-button-content-wrapper\">\n\t\t\t\t\t\t\t\t\t<span class=\"elementor-button-text\">R\u00e9server<\/span>\n\t\t\t\t\t<\/span>\n\t\t\t\t\t<\/a>\n\t\t\t\t\t\t\t\t<\/div>\n\t\t\t\t<\/div>\n\t\t\t\t<\/div>\n\t\t\t\t<\/div>\n\t\t","protected":false},"excerpt":{"rendered":"<p>M\u00e9ribel, au coeur des 3 Vall\u00e9es Bienvenue \u00e0 M\u00e9ribel, une station o\u00f9 la montagne se vit pleinement. Blottie au c\u0153ur des 3 Vall\u00e9es, elle s\u00e9duit par son authenticit\u00e9 et sa nature pr\u00e9serv\u00e9e. Entre for\u00eats, chalets et sommets majestueux, la station allie charme alpin et acc\u00e8s direct au plus grand domaine skiable du monde. Que vous [&hellip;]<\/p>\n","protected":false},"author":1,"featured_media":0,"parent":0,"menu_order":0,"comment_status":"closed","ping_status":"closed","template":"elementor_header_footer","meta":{"footnotes":""},"class_list":["post-123","page","type-page","status-publish","hentry"],"_links":{"self":[{"href":"https:\/\/cimesmeribel.fr\/index.php\/wp-json\/wp\/v2\/pages\/123","targetHints":{"allow":["GET"]}}],"collection":[{"href":"https:\/\/cimesmeribel.fr\/index.php\/wp-json\/wp\/v2\/pages"}],"about":[{"href":"https:\/\/cimesmeribel.fr\/index.php\/wp-json\/wp\/v2\/types\/page"}],"author":[{"embeddable":true,"href":"https:\/\/cimesmeribel.fr\/index.php\/wp-json\/wp\/v2\/users\/1"}],"replies":[{"embeddable":true,"href":"https:\/\/cimesmeribel.fr\/index.php\/wp-json\/wp\/v2\/comments?post=123"}],"version-history":[{"count":34,"href":"https:\/\/cimesmeribel.fr\/index.php\/wp-json\/wp\/v2\/pages\/123\/revisions"}],"predecessor-version":[{"id":462,"href":"https:\/\/cimesmeribel.fr\/index.php\/wp-json\/wp\/v2\/pages\/123\/revisions\/462"}],"wp:attachment":[{"href":"https:\/\/cimesmeribel.fr\/index.php\/wp-json\/wp\/v2\/media?parent=123"}],"curies":[{"name":"wp","href":"https:\/\/api.w.org\/{rel}","templated":true}]}}